{"id":2740,"date":"2024-10-31T16:18:13","date_gmt":"2024-10-31T15:18:13","guid":{"rendered":"https:\/\/canigosolar.com\/?page_id=2740"},"modified":"2024-10-31T16:18:14","modified_gmt":"2024-10-31T15:18:14","slug":"riego-solar","status":"publish","type":"page","link":"https:\/\/canigosolar.com\/index.php\/riego-solar\/","title":{"rendered":"Riego Solar"},"content":{"rendered":"","protected":false},"excerpt":{"rendered":"","protected":false},"author":1,"featured_media":0,"parent":0,"menu_order":0,"comment_status":"closed","ping_status":"closed","template":"","meta":{"_joinchat":[],"footnotes":""},"class_list":["post-2740","page","type-page","status-publish","hentry"],"yoast_head":"<!-- This site is optimized with the Yoast SEO plugin v27.6 - https:\/\/yoast.com\/product\/yoast-seo-wordpress\/ -->\n<title>Riego Solar - Canigo Solar Instalaciones Placas Solares<\/title>\n<meta name=\"robots\" content=\"index, follow, max-snippet:-1, max-image-preview:large, max-video-preview:-1\" \/>\n<link rel=\"canonical\" href=\"https:\/\/canigosolar.com\/index.php\/riego-solar\/\" \/>\n<meta property=\"og:locale\" content=\"es_ES\" \/>\n<meta property=\"og:type\" content=\"article\" \/>\n<meta property=\"og:title\" content=\"Riego Solar - Canigo Solar Instalaciones Placas Solares\" \/>\n<meta property=\"og:url\" content=\"https:\/\/canigosolar.com\/index.php\/riego-solar\/\" \/>\n<meta property=\"og:site_name\" content=\"Canigo Solar Instalaciones Placas Solares\" \/>\n<meta property=\"article:modified_time\" content=\"2024-10-31T15:18:14+00:00\" \/>\n<meta name=\"twitter:card\" content=\"summary_large_image\" \/>\n<script type=\"application\/ld+json\" class=\"yoast-schema-graph\">{\"@context\":\"https:\\\/\\\/schema.org\",\"@graph\":[{\"@type\":\"WebPage\",\"@id\":\"https:\\\/\\\/canigosolar.com\\\/index.php\\\/riego-solar\\\/\",\"url\":\"https:\\\/\\\/canigosolar.com\\\/index.php\\\/riego-solar\\\/\",\"name\":\"Riego Solar - Canigo Solar Instalaciones Placas Solares\",\"isPartOf\":{\"@id\":\"https:\\\/\\\/canigosolar.com\\\/#website\"},\"datePublished\":\"2024-10-31T15:18:13+00:00\",\"dateModified\":\"2024-10-31T15:18:14+00:00\",\"breadcrumb\":{\"@id\":\"https:\\\/\\\/canigosolar.com\\\/index.php\\\/riego-solar\\\/#breadcrumb\"},\"inLanguage\":\"es\",\"potentialAction\":[{\"@type\":\"ReadAction\",\"target\":[\"https:\\\/\\\/canigosolar.com\\\/index.php\\\/riego-solar\\\/\"]}]},{\"@type\":\"BreadcrumbList\",\"@id\":\"https:\\\/\\\/canigosolar.com\\\/index.php\\\/riego-solar\\\/#breadcrumb\",\"itemListElement\":[{\"@type\":\"ListItem\",\"position\":1,\"name\":\"Portada\",\"item\":\"https:\\\/\\\/canigosolar.com\\\/\"},{\"@type\":\"ListItem\",\"position\":2,\"name\":\"Riego Solar\"}]},{\"@type\":\"WebSite\",\"@id\":\"https:\\\/\\\/canigosolar.com\\\/#website\",\"url\":\"https:\\\/\\\/canigosolar.com\\\/\",\"name\":\"Canigo Solar Instalaciones Placas Solares\",\"description\":\"Ofrecemos soluciones completas para la obtenci\u00f3n de energ\u00eda gracias a fuentes renovables. Somos especialistas en energ\u00eda solar fotovoltaica para autoconsumo en empresas, viviendas y aplicaciones agropecuarias. Presupuesto sin compromiso.\",\"alternateName\":\"Canigo Solar\",\"potentialAction\":[{\"@type\":\"SearchAction\",\"target\":{\"@type\":\"EntryPoint\",\"urlTemplate\":\"https:\\\/\\\/canigosolar.com\\\/?s={search_term_string}\"},\"query-input\":{\"@type\":\"PropertyValueSpecification\",\"valueRequired\":true,\"valueName\":\"search_term_string\"}}],\"inLanguage\":\"es\"}]}<\/script>\n<!-- \/ Yoast SEO plugin. -->","yoast_head_json":{"title":"Riego Solar - Canigo Solar Instalaciones Placas Solares","robots":{"index":"index","follow":"follow","max-snippet":"max-snippet:-1","max-image-preview":"max-image-preview:large","max-video-preview":"max-video-preview:-1"},"canonical":"https:\/\/canigosolar.com\/index.php\/riego-solar\/","og_locale":"es_ES","og_type":"article","og_title":"Riego Solar - Canigo Solar Instalaciones Placas Solares","og_url":"https:\/\/canigosolar.com\/index.php\/riego-solar\/","og_site_name":"Canigo Solar Instalaciones Placas Solares","article_modified_time":"2024-10-31T15:18:14+00:00","twitter_card":"summary_large_image","schema":{"@context":"https:\/\/schema.org","@graph":[{"@type":"WebPage","@id":"https:\/\/canigosolar.com\/index.php\/riego-solar\/","url":"https:\/\/canigosolar.com\/index.php\/riego-solar\/","name":"Riego Solar - Canigo Solar Instalaciones Placas Solares","isPartOf":{"@id":"https:\/\/canigosolar.com\/#website"},"datePublished":"2024-10-31T15:18:13+00:00","dateModified":"2024-10-31T15:18:14+00:00","breadcrumb":{"@id":"https:\/\/canigosolar.com\/index.php\/riego-solar\/#breadcrumb"},"inLanguage":"es","potentialAction":[{"@type":"ReadAction","target":["https:\/\/canigosolar.com\/index.php\/riego-solar\/"]}]},{"@type":"BreadcrumbList","@id":"https:\/\/canigosolar.com\/index.php\/riego-solar\/#breadcrumb","itemListElement":[{"@type":"ListItem","position":1,"name":"Portada","item":"https:\/\/canigosolar.com\/"},{"@type":"ListItem","position":2,"name":"Riego Solar"}]},{"@type":"WebSite","@id":"https:\/\/canigosolar.com\/#website","url":"https:\/\/canigosolar.com\/","name":"Canigo Solar Instalaciones Placas Solares","description":"Ofrecemos soluciones completas para la obtenci\u00f3n de energ\u00eda gracias a fuentes renovables. Somos especialistas en energ\u00eda solar fotovoltaica para autoconsumo en empresas, viviendas y aplicaciones agropecuarias. Presupuesto sin compromiso.","alternateName":"Canigo Solar","potentialAction":[{"@type":"SearchAction","target":{"@type":"EntryPoint","urlTemplate":"https:\/\/canigosolar.com\/?s={search_term_string}"},"query-input":{"@type":"PropertyValueSpecification","valueRequired":true,"valueName":"search_term_string"}}],"inLanguage":"es"}]}},"_links":{"self":[{"href":"https:\/\/canigosolar.com\/index.php\/wp-json\/wp\/v2\/pages\/2740","targetHints":{"allow":["GET"]}}],"collection":[{"href":"https:\/\/canigosolar.com\/index.php\/wp-json\/wp\/v2\/pages"}],"about":[{"href":"https:\/\/canigosolar.com\/index.php\/wp-json\/wp\/v2\/types\/page"}],"author":[{"embeddable":true,"href":"https:\/\/canigosolar.com\/index.php\/wp-json\/wp\/v2\/users\/1"}],"replies":[{"embeddable":true,"href":"https:\/\/canigosolar.com\/index.php\/wp-json\/wp\/v2\/comments?post=2740"}],"version-history":[{"count":1,"href":"https:\/\/canigosolar.com\/index.php\/wp-json\/wp\/v2\/pages\/2740\/revisions"}],"predecessor-version":[{"id":2741,"href":"https:\/\/canigosolar.com\/index.php\/wp-json\/wp\/v2\/pages\/2740\/revisions\/2741"}],"wp:attachment":[{"href":"https:\/\/canigosolar.com\/index.php\/wp-json\/wp\/v2\/media?parent=2740"}],"curies":[{"name":"wp","href":"https:\/\/api.w.org\/{rel}","templated":true}]}}